{"id":294,"date":"2016-06-30T14:42:28","date_gmt":"2016-06-30T13:42:28","guid":{"rendered":"https:\/\/logreco-lawconsulting.swiss\/es\/aide-poursuites-commandement-payer-geneve\/"},"modified":"2019-10-10T17:02:18","modified_gmt":"2019-10-10T16:02:18","slug":"ayuda-pleitos-y-mandamientos-de-pago-ginebra","status":"publish","type":"page","link":"https:\/\/logreco-lawconsulting.swiss\/es\/ayuda-pleitos-y-mandamientos-de-pago-ginebra\/","title":{"rendered":"Procedimientos por cobro de deudas"},"content":{"rendered":"<div class=\"wpb-content-wrapper\">[mk_page_section bg_image=\u00bbhttps:\/\/logreco-lawconsulting.swiss\/wp-content\/uploads\/2016\/06\/avocat-poursuites-et-commandements-de-payer-suisse.jpg\u00bb bg_position=\u00bbcenter top\u00bb bg_repeat=\u00bbno-repeat\u00bb bg_stretch=\u00bbtrue\u00bb min_height=\u00bb600&#8243; full_width=\u00bbtrue\u00bb js_vertical_centered=\u00bbtrue\u00bb padding_top=\u00bb0&#8243; padding_bottom=\u00bb0&#8243; top_shape_color=\u00bb#ffffff\u00bb bottom_shape_color=\u00bb#ffffff\u00bb sidebar=\u00bbsidebar-1&#8243;][vc_column][\/vc_column][\/mk_page_section][vc_row][vc_column css=\u00bb.vc_custom_1470607683760{margin-top: 5% !important;margin-bottom: 5% !important;padding-right: 5% !important;padding-left: 5% !important;}\u00bb][mk_fancy_title strip_tags=\u00bbtrue\u00bb tag_name=\u00bbh1&#8243; color=\u00bb#157ca5&#8243; size=\u00bb50&#8243; font_family=\u00bbnone\u00bb align=\u00bbcenter\u00bb]Procedimientos por cobro de deudas[\/mk_fancy_title][vc_column_text css=\u00bb.vc_custom_1570723427317{margin-bottom: 0px !important;}\u00bb]\n<p class=\"western\" lang=\"fr-FR\" style=\"text-align: justify;\">En el caso de procedimientos por cobro de deudas y a partir de la notificaci\u00f3n de un mandamiento de pago, el gabinete proporciona la asistencia necesaria a fin de encontrar la soluci\u00f3n adecuada para cada situaci\u00f3n y evitar un juicio largo y costoso.<\/p>\n<p class=\"western\" lang=\"fr-FR\" style=\"text-align: justify;\">\n[\/vc_column_text][\/vc_column][\/vc_row]\n<\/div>","protected":false},"excerpt":{"rendered":"<p>[mk_page_section bg_image=\u00bbhttps:\/\/logreco-lawconsulting.swiss\/wp-content\/uploads\/2016\/06\/avocat-poursuites-et-commandements-de-payer-suisse.jpg\u00bb bg_position=\u00bbcenter top\u00bb bg_repeat=\u00bbno-repeat\u00bb bg_stretch=\u00bbtrue\u00bb min_height=\u00bb600&#8243; full_width=\u00bbtrue\u00bb js_vertical_centered=\u00bbtrue\u00bb padding_top=\u00bb0&#8243; padding_bottom=\u00bb0&#8243; top_shape_color=\u00bb#ffffff\u00bb bottom_shape_color=\u00bb#ffffff\u00bb sidebar=\u00bbsidebar-1&#8243;][vc_column][\/vc_column][\/mk_page_section][vc_row][vc_column css=\u00bb.vc_custom_1470607683760{margin-top: 5% !important;margin-bottom: 5% !important;padding-right: 5% !important;padding-left: 5% !important;}\u00bb][mk_fancy_title strip_tags=\u00bbtrue\u00bb tag_name=\u00bbh1&#8243; color=\u00bb#157ca5&#8243; size=\u00bb50&#8243; font_family=\u00bbnone\u00bb align=\u00bbcenter\u00bb]Procedimientos por cobro de deudas[\/mk_fancy_title][vc_column_text css=\u00bb.vc_custom_1570723427317{margin-bottom: 0px !important;}\u00bb] En el caso de procedimientos por cobro de deudas y a partir de la notificaci\u00f3n de un mandamiento de [&hellip;]<\/p>\n","protected":false},"author":1,"featured_media":0,"parent":0,"menu_order":0,"comment_status":"closed","ping_status":"closed","template":"","meta":{"footnotes":""},"class_list":["post-294","page","type-page","status-publish","hentry"],"yoast_head":"<!-- This site is optimized with the Yoast SEO plugin v27.4 - https:\/\/yoast.com\/product\/yoast-seo-wordpress\/ -->\n<title>Lo Greco Law Consulting | Ayuda pleitos mandamientos de pago Ginebra<\/title>\n<meta name=\"description\" content=\"Lo Greco Law Office, abogado con despacho en Ginebra, le aconseja en pleito por deudas y mandamiento de pago\" \/>\n<meta name=\"robots\" content=\"index, follow, max-snippet:-1, max-image-preview:large, max-video-preview:-1\" \/>\n<link rel=\"canonical\" href=\"https:\/\/logreco-lawconsulting.swiss\/es\/ayuda-pleitos-y-mandamientos-de-pago-ginebra\/\" \/>\n<meta property=\"og:locale\" content=\"es_ES\" \/>\n<meta property=\"og:type\" content=\"article\" \/>\n<meta property=\"og:title\" content=\"Lo Greco Law Consulting | Ayuda pleitos mandamientos de pago Ginebra\" \/>\n<meta property=\"og:description\" content=\"Lo Greco Law Office, abogado con despacho en Ginebra, le aconseja en pleito por deudas y mandamiento de pago\" \/>\n<meta property=\"og:url\" content=\"https:\/\/logreco-lawconsulting.swiss\/es\/ayuda-pleitos-y-mandamientos-de-pago-ginebra\/\" \/>\n<meta property=\"og:site_name\" content=\"Lo Greco Law Consulting\" \/>\n<meta property=\"article:modified_time\" content=\"2019-10-10T16:02:18+00:00\" \/>\n<meta name=\"twitter:card\" content=\"summary_large_image\" \/>\n<meta name=\"twitter:label1\" content=\"Tiempo de lectura\" \/>\n\t<meta name=\"twitter:data1\" content=\"1 minuto\" \/>\n<script type=\"application\/ld+json\" class=\"yoast-schema-graph\">{\"@context\":\"https:\\\/\\\/schema.org\",\"@graph\":[{\"@type\":\"WebPage\",\"@id\":\"https:\\\/\\\/logreco-lawconsulting.swiss\\\/es\\\/ayuda-pleitos-y-mandamientos-de-pago-ginebra\\\/\",\"url\":\"https:\\\/\\\/logreco-lawconsulting.swiss\\\/es\\\/ayuda-pleitos-y-mandamientos-de-pago-ginebra\\\/\",\"name\":\"Lo Greco Law Consulting | Ayuda pleitos mandamientos de pago Ginebra\",\"isPartOf\":{\"@id\":\"https:\\\/\\\/logreco-lawconsulting.swiss\\\/es\\\/#website\"},\"datePublished\":\"2016-06-30T13:42:28+00:00\",\"dateModified\":\"2019-10-10T16:02:18+00:00\",\"description\":\"Lo Greco Law Office, abogado con despacho en Ginebra, le aconseja en pleito por deudas y mandamiento de pago\",\"breadcrumb\":{\"@id\":\"https:\\\/\\\/logreco-lawconsulting.swiss\\\/es\\\/ayuda-pleitos-y-mandamientos-de-pago-ginebra\\\/#breadcrumb\"},\"inLanguage\":\"es\",\"potentialAction\":[{\"@type\":\"ReadAction\",\"target\":[\"https:\\\/\\\/logreco-lawconsulting.swiss\\\/es\\\/ayuda-pleitos-y-mandamientos-de-pago-ginebra\\\/\"]}]},{\"@type\":\"BreadcrumbList\",\"@id\":\"https:\\\/\\\/logreco-lawconsulting.swiss\\\/es\\\/ayuda-pleitos-y-mandamientos-de-pago-ginebra\\\/#breadcrumb\",\"itemListElement\":[{\"@type\":\"ListItem\",\"position\":1,\"name\":\"Accueil\",\"item\":\"https:\\\/\\\/logreco-lawconsulting.swiss\\\/es\\\/\"},{\"@type\":\"ListItem\",\"position\":2,\"name\":\"Procedimientos por cobro de deudas\"}]},{\"@type\":\"WebSite\",\"@id\":\"https:\\\/\\\/logreco-lawconsulting.swiss\\\/es\\\/#website\",\"url\":\"https:\\\/\\\/logreco-lawconsulting.swiss\\\/es\\\/\",\"name\":\"Lo Greco Law Consulting\",\"description\":\"Lo Greco Law Consulting\",\"publisher\":{\"@id\":\"https:\\\/\\\/logreco-lawconsulting.swiss\\\/es\\\/#organization\"},\"potentialAction\":[{\"@type\":\"SearchAction\",\"target\":{\"@type\":\"EntryPoint\",\"urlTemplate\":\"https:\\\/\\\/logreco-lawconsulting.swiss\\\/es\\\/?s={search_term_string}\"},\"query-input\":{\"@type\":\"PropertyValueSpecification\",\"valueRequired\":true,\"valueName\":\"search_term_string\"}}],\"inLanguage\":\"es\"},{\"@type\":\"Organization\",\"@id\":\"https:\\\/\\\/logreco-lawconsulting.swiss\\\/es\\\/#organization\",\"name\":\"Lo Greco Law Consulting\",\"url\":\"https:\\\/\\\/logreco-lawconsulting.swiss\\\/es\\\/\",\"logo\":{\"@type\":\"ImageObject\",\"inLanguage\":\"es\",\"@id\":\"https:\\\/\\\/logreco-lawconsulting.swiss\\\/es\\\/#\\\/schema\\\/logo\\\/image\\\/\",\"url\":\"https:\\\/\\\/logreco-lawconsulting.swiss\\\/wp-content\\\/uploads\\\/2021\\\/11\\\/logo-lo-greco-consulting.png\",\"contentUrl\":\"https:\\\/\\\/logreco-lawconsulting.swiss\\\/wp-content\\\/uploads\\\/2021\\\/11\\\/logo-lo-greco-consulting.png\",\"width\":300,\"height\":111,\"caption\":\"Lo Greco Law Consulting\"},\"image\":{\"@id\":\"https:\\\/\\\/logreco-lawconsulting.swiss\\\/es\\\/#\\\/schema\\\/logo\\\/image\\\/\"}}]}<\/script>\n<!-- \/ Yoast SEO plugin. -->","yoast_head_json":{"title":"Lo Greco Law Consulting | Ayuda pleitos mandamientos de pago Ginebra","description":"Lo Greco Law Office, abogado con despacho en Ginebra, le aconseja en pleito por deudas y mandamiento de pago","robots":{"index":"index","follow":"follow","max-snippet":"max-snippet:-1","max-image-preview":"max-image-preview:large","max-video-preview":"max-video-preview:-1"},"canonical":"https:\/\/logreco-lawconsulting.swiss\/es\/ayuda-pleitos-y-mandamientos-de-pago-ginebra\/","og_locale":"es_ES","og_type":"article","og_title":"Lo Greco Law Consulting | Ayuda pleitos mandamientos de pago Ginebra","og_description":"Lo Greco Law Office, abogado con despacho en Ginebra, le aconseja en pleito por deudas y mandamiento de pago","og_url":"https:\/\/logreco-lawconsulting.swiss\/es\/ayuda-pleitos-y-mandamientos-de-pago-ginebra\/","og_site_name":"Lo Greco Law Consulting","article_modified_time":"2019-10-10T16:02:18+00:00","twitter_card":"summary_large_image","twitter_misc":{"Tiempo de lectura":"1 minuto"},"schema":{"@context":"https:\/\/schema.org","@graph":[{"@type":"WebPage","@id":"https:\/\/logreco-lawconsulting.swiss\/es\/ayuda-pleitos-y-mandamientos-de-pago-ginebra\/","url":"https:\/\/logreco-lawconsulting.swiss\/es\/ayuda-pleitos-y-mandamientos-de-pago-ginebra\/","name":"Lo Greco Law Consulting | Ayuda pleitos mandamientos de pago Ginebra","isPartOf":{"@id":"https:\/\/logreco-lawconsulting.swiss\/es\/#website"},"datePublished":"2016-06-30T13:42:28+00:00","dateModified":"2019-10-10T16:02:18+00:00","description":"Lo Greco Law Office, abogado con despacho en Ginebra, le aconseja en pleito por deudas y mandamiento de pago","breadcrumb":{"@id":"https:\/\/logreco-lawconsulting.swiss\/es\/ayuda-pleitos-y-mandamientos-de-pago-ginebra\/#breadcrumb"},"inLanguage":"es","potentialAction":[{"@type":"ReadAction","target":["https:\/\/logreco-lawconsulting.swiss\/es\/ayuda-pleitos-y-mandamientos-de-pago-ginebra\/"]}]},{"@type":"BreadcrumbList","@id":"https:\/\/logreco-lawconsulting.swiss\/es\/ayuda-pleitos-y-mandamientos-de-pago-ginebra\/#breadcrumb","itemListElement":[{"@type":"ListItem","position":1,"name":"Accueil","item":"https:\/\/logreco-lawconsulting.swiss\/es\/"},{"@type":"ListItem","position":2,"name":"Procedimientos por cobro de deudas"}]},{"@type":"WebSite","@id":"https:\/\/logreco-lawconsulting.swiss\/es\/#website","url":"https:\/\/logreco-lawconsulting.swiss\/es\/","name":"Lo Greco Law Consulting","description":"Lo Greco Law Consulting","publisher":{"@id":"https:\/\/logreco-lawconsulting.swiss\/es\/#organization"},"potentialAction":[{"@type":"SearchAction","target":{"@type":"EntryPoint","urlTemplate":"https:\/\/logreco-lawconsulting.swiss\/es\/?s={search_term_string}"},"query-input":{"@type":"PropertyValueSpecification","valueRequired":true,"valueName":"search_term_string"}}],"inLanguage":"es"},{"@type":"Organization","@id":"https:\/\/logreco-lawconsulting.swiss\/es\/#organization","name":"Lo Greco Law Consulting","url":"https:\/\/logreco-lawconsulting.swiss\/es\/","logo":{"@type":"ImageObject","inLanguage":"es","@id":"https:\/\/logreco-lawconsulting.swiss\/es\/#\/schema\/logo\/image\/","url":"https:\/\/logreco-lawconsulting.swiss\/wp-content\/uploads\/2021\/11\/logo-lo-greco-consulting.png","contentUrl":"https:\/\/logreco-lawconsulting.swiss\/wp-content\/uploads\/2021\/11\/logo-lo-greco-consulting.png","width":300,"height":111,"caption":"Lo Greco Law Consulting"},"image":{"@id":"https:\/\/logreco-lawconsulting.swiss\/es\/#\/schema\/logo\/image\/"}}]}},"_links":{"self":[{"href":"https:\/\/logreco-lawconsulting.swiss\/es\/wp-json\/wp\/v2\/pages\/294","targetHints":{"allow":["GET"]}}],"collection":[{"href":"https:\/\/logreco-lawconsulting.swiss\/es\/wp-json\/wp\/v2\/pages"}],"about":[{"href":"https:\/\/logreco-lawconsulting.swiss\/es\/wp-json\/wp\/v2\/types\/page"}],"author":[{"embeddable":true,"href":"https:\/\/logreco-lawconsulting.swiss\/es\/wp-json\/wp\/v2\/users\/1"}],"replies":[{"embeddable":true,"href":"https:\/\/logreco-lawconsulting.swiss\/es\/wp-json\/wp\/v2\/comments?post=294"}],"version-history":[{"count":5,"href":"https:\/\/logreco-lawconsulting.swiss\/es\/wp-json\/wp\/v2\/pages\/294\/revisions"}],"predecessor-version":[{"id":676,"href":"https:\/\/logreco-lawconsulting.swiss\/es\/wp-json\/wp\/v2\/pages\/294\/revisions\/676"}],"wp:attachment":[{"href":"https:\/\/logreco-lawconsulting.swiss\/es\/wp-json\/wp\/v2\/media?parent=294"}],"curies":[{"name":"wp","href":"https:\/\/api.w.org\/{rel}","templated":true}]}}