{"id":292,"date":"2016-07-07T17:15:09","date_gmt":"2016-07-07T16:15:09","guid":{"rendered":"https:\/\/logreco-lawconsulting.swiss\/es\/avocat-geneve-depot-marques\/"},"modified":"2021-11-03T12:40:47","modified_gmt":"2021-11-03T11:40:47","slug":"consultor-ginebra-registro-de-marcas","status":"publish","type":"page","link":"https:\/\/logreco-lawconsulting.swiss\/es\/consultor-ginebra-registro-de-marcas\/","title":{"rendered":"EL GABINETE"},"content":{"rendered":"<div class=\"wpb-content-wrapper\">[mk_page_section bg_image=\u00bbhttps:\/\/logreco-lawconsulting.swiss\/wp-content\/uploads\/2016\/07\/avocat-sur-geneve-2.jpg\u00bb bg_position=\u00bbcenter center\u00bb bg_repeat=\u00bbno-repeat\u00bb bg_stretch=\u00bbtrue\u00bb min_height=\u00bb600&#8243; full_width=\u00bbtrue\u00bb js_vertical_centered=\u00bbtrue\u00bb padding_top=\u00bb0&#8243; padding_bottom=\u00bb0&#8243; top_shape_color=\u00bb#ffffff\u00bb bottom_shape_color=\u00bb#ffffff\u00bb visibility=\u00bbhidden-sm\u00bb sidebar=\u00bbsidebar-1&#8243;][vc_column][\/vc_column][\/mk_page_section][mk_page_section bg_image=\u00bbhttps:\/\/logreco-lawconsulting.swiss\/wp-content\/uploads\/2016\/07\/avocat-sur-geneve-2.jpg\u00bb bg_position=\u00bbcenter center\u00bb bg_repeat=\u00bbno-repeat\u00bb bg_stretch=\u00bbtrue\u00bb min_height=\u00bb300&#8243; full_width=\u00bbtrue\u00bb js_vertical_centered=\u00bbtrue\u00bb padding_top=\u00bb0&#8243; padding_bottom=\u00bb0&#8243; top_shape_color=\u00bb#ffffff\u00bb bottom_shape_color=\u00bb#ffffff\u00bb visibility=\u00bbvisible-sm\u00bb sidebar=\u00bbsidebar-1&#8243;][vc_column][\/vc_column][\/mk_page_section][vc_row][vc_column css=\u00bb.vc_custom_1635932901049{margin-top: 5% !important;margin-bottom: 5% !important;padding-right: 5% !important;padding-left: 5% !important;}\u00bb][mk_fancy_title strip_tags=\u00bbtrue\u00bb tag_name=\u00bbh1&#8243; color=\u00bb#157ca5&#8243; size=\u00bb50&#8243; font_family=\u00bbnone\u00bb align=\u00bbcenter\u00bb]El gabinete[\/mk_fancy_title][vc_column_text css=\u00bb.vc_custom_1607531724585{margin-bottom: 0px !important;}\u00bb]\n<p style=\"text-align: justify;\">El gabinete esta dirigido Mar\u00eda Teresa Lo Greco, licenciada en derecho, con mas de veintiocho a\u00f1os de experiencia en derecho de propiedad intelectual, Consultora en propiedad intelectual, Asesor de marcas ante el Instituto Federal de la Propiedad Intelectual en Berna (IGE\/IPI), y especializada en diversas \u00e1reas de derecho publico y privado.<\/p>\n[\/vc_column_text][vc_empty_space][mk_fancy_title strip_tags=\u00bbtrue\u00bb color=\u00bb#157ca5&#8243; size=\u00bb30&#8243; font_family=\u00bbnone\u00bb align=\u00bbcenter\u00bb]Perfil de la fundadora :[\/mk_fancy_title][vc_row_inner][vc_column_inner width=\u00bb1\/3&#8243;][vc_single_image image=\u00bb548&#8243; img_size=\u00bbfull\u00bb][\/vc_column_inner][vc_column_inner width=\u00bb2\/3&#8243;][vc_column_text]Licenciatura en Derecho (t\u00edtulo LL.B. Hon\u2019s), Universidad de Londres (Reino Unido).<\/p>\n<p>Diplomada de Traductora Publica, Universidad de Buenos Aires (Argentina).<\/p>\n<p>Ex-Perito Traductor ante los tribunales federales de Buenos Aires (Argentina) .<\/p>\n<p>Ex- Jurista de la Divisi\u00f3n de consejo jur\u00eddico y legislativo en derecho de la propiedad industrial, Organizaci\u00f3n Mundial de la Propiedad Intelectual (OMPI), Ginebra.<\/p>\n<p>Participante y\/o ponente en seminarios y conferencias patrocinadas por la OMPI (Ginebra) y la Oficina de Armonizaci\u00f3n del Mercado Interior (OAMI, Alicante ).<\/p>\n<p>Asesor de marcas ante el Instituto Federal de la Propiedad Intelectual, Berna (Suiza).<\/p>\n<p>Miembro de UKAEL (United Kingdom Association for European Law).<\/p>\n<p>Miembro vitalicio de Convocation (University of London, Reino Unido).<\/p>\n<p>Ex-miembro del Colegio de Traductores P\u00fablicos de la Ciudad de Buenos Aires (Argentina).<\/p>\n<p>Miembro de la C\u00e1mara de Comercio, Industria y Servicios de Ginebra (CCIG)[\/vc_column_text][\/vc_column_inner][\/vc_row_inner][mk_padding_divider][mk_fancy_title strip_tags=\u00bbtrue\u00bb color=\u00bb#157ca5&#8243; size=\u00bb30&#8243; font_family=\u00bbnone\u00bb align=\u00bbcenter\u00bb]\n<div class=\"page\" title=\"Page 7\">\n<div class=\"layoutArea\">\n<div class=\"column\">\n<p>Formacio\u0301n profesional continua<\/p>\n<\/div>\n<\/div>\n<\/div>\n[\/mk_fancy_title][vc_column_text]La fundadora participa regularmente en seminarios, conferencias y jornadas, particularmente sobre derecho de la propiedad intelectual, derecho laboral, derecho sobre cobro de deudas y derecho de la competencia, organizados por la ERA (Academia de Derecho Europeo), IGE\/IPI (Instituto Federal Suizo de la Propiedad Intelectual), ODAGE (Colegio de Abogados de Ginebra), la AAAPI (Asociacio\u0301n Argentina de Agentes de Propiedad Intelectual), la Universidad de Lausana-CEDIDAC (Centro de Derecho de las Empresas), la Universidad de Ginebra y la ASC (Asociacio\u0301n Suiza de Derecho de la Competencia).[\/vc_column_text][\/vc_column][\/vc_row]\n<\/div>","protected":false},"excerpt":{"rendered":"<p>[mk_page_section bg_image=\u00bbhttps:\/\/logreco-lawconsulting.swiss\/wp-content\/uploads\/2016\/07\/avocat-sur-geneve-2.jpg\u00bb bg_position=\u00bbcenter center\u00bb bg_repeat=\u00bbno-repeat\u00bb bg_stretch=\u00bbtrue\u00bb min_height=\u00bb600&#8243; full_width=\u00bbtrue\u00bb js_vertical_centered=\u00bbtrue\u00bb padding_top=\u00bb0&#8243; padding_bottom=\u00bb0&#8243; top_shape_color=\u00bb#ffffff\u00bb bottom_shape_color=\u00bb#ffffff\u00bb visibility=\u00bbhidden-sm\u00bb sidebar=\u00bbsidebar-1&#8243;][vc_column][\/vc_column][\/mk_page_section][mk_page_section bg_image=\u00bbhttps:\/\/logreco-lawconsulting.swiss\/wp-content\/uploads\/2016\/07\/avocat-sur-geneve-2.jpg\u00bb bg_position=\u00bbcenter center\u00bb bg_repeat=\u00bbno-repeat\u00bb bg_stretch=\u00bbtrue\u00bb min_height=\u00bb300&#8243; full_width=\u00bbtrue\u00bb js_vertical_centered=\u00bbtrue\u00bb padding_top=\u00bb0&#8243; padding_bottom=\u00bb0&#8243; top_shape_color=\u00bb#ffffff\u00bb bottom_shape_color=\u00bb#ffffff\u00bb visibility=\u00bbvisible-sm\u00bb sidebar=\u00bbsidebar-1&#8243;][vc_column][\/vc_column][\/mk_page_section][vc_row][vc_column css=\u00bb.vc_custom_1635932901049{margin-top: 5% !important;margin-bottom: 5% !important;padding-right: 5% !important;padding-left: 5% !important;}\u00bb][mk_fancy_title strip_tags=\u00bbtrue\u00bb tag_name=\u00bbh1&#8243; color=\u00bb#157ca5&#8243; size=\u00bb50&#8243; font_family=\u00bbnone\u00bb align=\u00bbcenter\u00bb]El gabinete[\/mk_fancy_title][vc_column_text css=\u00bb.vc_custom_1607531724585{margin-bottom: 0px !important;}\u00bb] El gabinete esta dirigido Mar\u00eda Teresa Lo [&hellip;]<\/p>\n","protected":false},"author":1,"featured_media":0,"parent":0,"menu_order":0,"comment_status":"closed","ping_status":"closed","template":"","meta":{"footnotes":""},"class_list":["post-292","page","type-page","status-publish","hentry"],"yoast_head":"<!-- This site is optimized with the Yoast SEO plugin v26.1.1 - https:\/\/yoast.com\/wordpress\/plugins\/seo\/ -->\n<title>Lo Greco Law Consulting | Consultor Ginebra registro de marcas<\/title>\n<meta name=\"description\" content=\"Lo Greco Law Consulting, consultor reconocido en Ginebra, le informa y asiste en el registro de marcas en Suiza\" \/>\n<meta name=\"robots\" content=\"index, follow, max-snippet:-1, max-image-preview:large, max-video-preview:-1\" \/>\n<link rel=\"canonical\" href=\"https:\/\/logreco-lawconsulting.swiss\/es\/consultor-ginebra-registro-de-marcas\/\" \/>\n<meta property=\"og:locale\" content=\"es_ES\" \/>\n<meta property=\"og:type\" content=\"article\" \/>\n<meta property=\"og:title\" content=\"Lo Greco Law Consulting | Consultor Ginebra registro de marcas\" \/>\n<meta property=\"og:description\" content=\"Lo Greco Law Consulting, consultor reconocido en Ginebra, le informa y asiste en el registro de marcas en Suiza\" \/>\n<meta property=\"og:url\" content=\"https:\/\/logreco-lawconsulting.swiss\/es\/consultor-ginebra-registro-de-marcas\/\" \/>\n<meta property=\"og:site_name\" content=\"Lo Greco Law Consulting\" \/>\n<meta property=\"article:modified_time\" content=\"2021-11-03T11:40:47+00:00\" \/>\n<meta name=\"twitter:card\" content=\"summary_large_image\" \/>\n<meta name=\"twitter:label1\" content=\"Tiempo de lectura\" \/>\n\t<meta name=\"twitter:data1\" content=\"3 minutos\" \/>\n<script type=\"application\/ld+json\" class=\"yoast-schema-graph\">{\"@context\":\"https:\/\/schema.org\",\"@graph\":[{\"@type\":\"WebPage\",\"@id\":\"https:\/\/logreco-lawconsulting.swiss\/es\/consultor-ginebra-registro-de-marcas\/\",\"url\":\"https:\/\/logreco-lawconsulting.swiss\/es\/consultor-ginebra-registro-de-marcas\/\",\"name\":\"Lo Greco Law Consulting | Consultor Ginebra registro de marcas\",\"isPartOf\":{\"@id\":\"https:\/\/logreco-lawconsulting.swiss\/es\/#website\"},\"datePublished\":\"2016-07-07T16:15:09+00:00\",\"dateModified\":\"2021-11-03T11:40:47+00:00\",\"description\":\"Lo Greco Law Consulting, consultor reconocido en Ginebra, le informa y asiste en el registro de marcas en Suiza\",\"breadcrumb\":{\"@id\":\"https:\/\/logreco-lawconsulting.swiss\/es\/consultor-ginebra-registro-de-marcas\/#breadcrumb\"},\"inLanguage\":\"es\",\"potentialAction\":[{\"@type\":\"ReadAction\",\"target\":[\"https:\/\/logreco-lawconsulting.swiss\/es\/consultor-ginebra-registro-de-marcas\/\"]}]},{\"@type\":\"BreadcrumbList\",\"@id\":\"https:\/\/logreco-lawconsulting.swiss\/es\/consultor-ginebra-registro-de-marcas\/#breadcrumb\",\"itemListElement\":[{\"@type\":\"ListItem\",\"position\":1,\"name\":\"Accueil\",\"item\":\"https:\/\/logreco-lawconsulting.swiss\/es\/\"},{\"@type\":\"ListItem\",\"position\":2,\"name\":\"EL GABINETE\"}]},{\"@type\":\"WebSite\",\"@id\":\"https:\/\/logreco-lawconsulting.swiss\/es\/#website\",\"url\":\"https:\/\/logreco-lawconsulting.swiss\/es\/\",\"name\":\"Lo Greco Law Consulting\",\"description\":\"Lo Greco Law Consulting\",\"publisher\":{\"@id\":\"https:\/\/logreco-lawconsulting.swiss\/es\/#organization\"},\"potentialAction\":[{\"@type\":\"SearchAction\",\"target\":{\"@type\":\"EntryPoint\",\"urlTemplate\":\"https:\/\/logreco-lawconsulting.swiss\/es\/?s={search_term_string}\"},\"query-input\":{\"@type\":\"PropertyValueSpecification\",\"valueRequired\":true,\"valueName\":\"search_term_string\"}}],\"inLanguage\":\"es\"},{\"@type\":\"Organization\",\"@id\":\"https:\/\/logreco-lawconsulting.swiss\/es\/#organization\",\"name\":\"Lo Greco Law Consulting\",\"url\":\"https:\/\/logreco-lawconsulting.swiss\/es\/\",\"logo\":{\"@type\":\"ImageObject\",\"inLanguage\":\"es\",\"@id\":\"https:\/\/logreco-lawconsulting.swiss\/es\/#\/schema\/logo\/image\/\",\"url\":\"https:\/\/logreco-lawconsulting.swiss\/wp-content\/uploads\/2021\/11\/logo-lo-greco-consulting.png\",\"contentUrl\":\"https:\/\/logreco-lawconsulting.swiss\/wp-content\/uploads\/2021\/11\/logo-lo-greco-consulting.png\",\"width\":300,\"height\":111,\"caption\":\"Lo Greco Law Consulting\"},\"image\":{\"@id\":\"https:\/\/logreco-lawconsulting.swiss\/es\/#\/schema\/logo\/image\/\"}}]}<\/script>\n<!-- \/ Yoast SEO plugin. -->","yoast_head_json":{"title":"Lo Greco Law Consulting | Consultor Ginebra registro de marcas","description":"Lo Greco Law Consulting, consultor reconocido en Ginebra, le informa y asiste en el registro de marcas en Suiza","robots":{"index":"index","follow":"follow","max-snippet":"max-snippet:-1","max-image-preview":"max-image-preview:large","max-video-preview":"max-video-preview:-1"},"canonical":"https:\/\/logreco-lawconsulting.swiss\/es\/consultor-ginebra-registro-de-marcas\/","og_locale":"es_ES","og_type":"article","og_title":"Lo Greco Law Consulting | Consultor Ginebra registro de marcas","og_description":"Lo Greco Law Consulting, consultor reconocido en Ginebra, le informa y asiste en el registro de marcas en Suiza","og_url":"https:\/\/logreco-lawconsulting.swiss\/es\/consultor-ginebra-registro-de-marcas\/","og_site_name":"Lo Greco Law Consulting","article_modified_time":"2021-11-03T11:40:47+00:00","twitter_card":"summary_large_image","twitter_misc":{"Tiempo de lectura":"3 minutos"},"schema":{"@context":"https:\/\/schema.org","@graph":[{"@type":"WebPage","@id":"https:\/\/logreco-lawconsulting.swiss\/es\/consultor-ginebra-registro-de-marcas\/","url":"https:\/\/logreco-lawconsulting.swiss\/es\/consultor-ginebra-registro-de-marcas\/","name":"Lo Greco Law Consulting | Consultor Ginebra registro de marcas","isPartOf":{"@id":"https:\/\/logreco-lawconsulting.swiss\/es\/#website"},"datePublished":"2016-07-07T16:15:09+00:00","dateModified":"2021-11-03T11:40:47+00:00","description":"Lo Greco Law Consulting, consultor reconocido en Ginebra, le informa y asiste en el registro de marcas en Suiza","breadcrumb":{"@id":"https:\/\/logreco-lawconsulting.swiss\/es\/consultor-ginebra-registro-de-marcas\/#breadcrumb"},"inLanguage":"es","potentialAction":[{"@type":"ReadAction","target":["https:\/\/logreco-lawconsulting.swiss\/es\/consultor-ginebra-registro-de-marcas\/"]}]},{"@type":"BreadcrumbList","@id":"https:\/\/logreco-lawconsulting.swiss\/es\/consultor-ginebra-registro-de-marcas\/#breadcrumb","itemListElement":[{"@type":"ListItem","position":1,"name":"Accueil","item":"https:\/\/logreco-lawconsulting.swiss\/es\/"},{"@type":"ListItem","position":2,"name":"EL GABINETE"}]},{"@type":"WebSite","@id":"https:\/\/logreco-lawconsulting.swiss\/es\/#website","url":"https:\/\/logreco-lawconsulting.swiss\/es\/","name":"Lo Greco Law Consulting","description":"Lo Greco Law Consulting","publisher":{"@id":"https:\/\/logreco-lawconsulting.swiss\/es\/#organization"},"potentialAction":[{"@type":"SearchAction","target":{"@type":"EntryPoint","urlTemplate":"https:\/\/logreco-lawconsulting.swiss\/es\/?s={search_term_string}"},"query-input":{"@type":"PropertyValueSpecification","valueRequired":true,"valueName":"search_term_string"}}],"inLanguage":"es"},{"@type":"Organization","@id":"https:\/\/logreco-lawconsulting.swiss\/es\/#organization","name":"Lo Greco Law Consulting","url":"https:\/\/logreco-lawconsulting.swiss\/es\/","logo":{"@type":"ImageObject","inLanguage":"es","@id":"https:\/\/logreco-lawconsulting.swiss\/es\/#\/schema\/logo\/image\/","url":"https:\/\/logreco-lawconsulting.swiss\/wp-content\/uploads\/2021\/11\/logo-lo-greco-consulting.png","contentUrl":"https:\/\/logreco-lawconsulting.swiss\/wp-content\/uploads\/2021\/11\/logo-lo-greco-consulting.png","width":300,"height":111,"caption":"Lo Greco Law Consulting"},"image":{"@id":"https:\/\/logreco-lawconsulting.swiss\/es\/#\/schema\/logo\/image\/"}}]}},"_links":{"self":[{"href":"https:\/\/logreco-lawconsulting.swiss\/es\/wp-json\/wp\/v2\/pages\/292","targetHints":{"allow":["GET"]}}],"collection":[{"href":"https:\/\/logreco-lawconsulting.swiss\/es\/wp-json\/wp\/v2\/pages"}],"about":[{"href":"https:\/\/logreco-lawconsulting.swiss\/es\/wp-json\/wp\/v2\/types\/page"}],"author":[{"embeddable":true,"href":"https:\/\/logreco-lawconsulting.swiss\/es\/wp-json\/wp\/v2\/users\/1"}],"replies":[{"embeddable":true,"href":"https:\/\/logreco-lawconsulting.swiss\/es\/wp-json\/wp\/v2\/comments?post=292"}],"version-history":[{"count":21,"href":"https:\/\/logreco-lawconsulting.swiss\/es\/wp-json\/wp\/v2\/pages\/292\/revisions"}],"predecessor-version":[{"id":726,"href":"https:\/\/logreco-lawconsulting.swiss\/es\/wp-json\/wp\/v2\/pages\/292\/revisions\/726"}],"wp:attachment":[{"href":"https:\/\/logreco-lawconsulting.swiss\/es\/wp-json\/wp\/v2\/media?parent=292"}],"curies":[{"name":"wp","href":"https:\/\/api.w.org\/{rel}","templated":true}]}}