{"id":290,"date":"2016-07-07T17:16:01","date_gmt":"2016-07-07T16:16:01","guid":{"rendered":"https:\/\/logreco-lawconsulting.swiss\/es\/avocat-consultant-reconnu-geneve\/"},"modified":"2019-10-10T17:00:50","modified_gmt":"2019-10-10T16:00:50","slug":"reputado-consultor-juridico-ginebra","status":"publish","type":"page","link":"https:\/\/logreco-lawconsulting.swiss\/es\/reputado-consultor-juridico-ginebra\/","title":{"rendered":"HONORARIOS"},"content":{"rendered":"<div class=\"wpb-content-wrapper\">[mk_page_section bg_image=\u00bbhttps:\/\/logreco-lawconsulting.swiss\/wp-content\/uploads\/2016\/07\/avocat-recours-administratifs-suisse.jpg\u00bb bg_position=\u00bbcenter top\u00bb bg_repeat=\u00bbno-repeat\u00bb bg_stretch=\u00bbtrue\u00bb min_height=\u00bb600&#8243; full_width=\u00bbtrue\u00bb js_vertical_centered=\u00bbtrue\u00bb padding_top=\u00bb0&#8243; padding_bottom=\u00bb0&#8243; top_shape_color=\u00bb#ffffff\u00bb bottom_shape_color=\u00bb#ffffff\u00bb sidebar=\u00bbsidebar-1&#8243;][vc_column][\/vc_column][\/mk_page_section][vc_row][vc_column css=\u00bb.vc_custom_1470607541858{margin-top: 5% !important;margin-bottom: 5% !important;padding-right: 5% !important;padding-left: 5% !important;}\u00bb][mk_fancy_title strip_tags=\u00bbtrue\u00bb tag_name=\u00bbh1&#8243; color=\u00bb#157ca5&#8243; size=\u00bb50&#8243; font_family=\u00bbnone\u00bb align=\u00bbcenter\u00bb]Honorarios[\/mk_fancy_title][vc_column_text css=\u00bb.vc_custom_1570723339355{margin-bottom: 0px !important;}\u00bb]\n<p class=\"western\"><span style=\"color: #191919;\">Los honorarios del gabinete son variables y se facturan por hora salvo acuerdo en contrario. Los costos y honorarios para la solicitud de registro de marcas y otros derechos de propiedad intelectual son fijos.<\/span><\/p>\n<p class=\"western\"><span style=\"color: #191919;\">Como parte de un divorcio amistoso, o la separaci\u00f3n legal, los honorarios son fijos y no incluyen los gastos judiciales.<\/span><\/p>\n<p class=\"western\"><span style=\"color: #191919;\">El gabinete no proporciona informaci\u00f3n jur\u00eddica por tel\u00e9fono sin existencia de un mandato. Para obtener m\u00e1s informaci\u00f3n general, s\u00edrvase utilizar el <strong><a href=\"https:\/\/logreco-lawconsulting.swiss\/es\/contactez-nous\/\">formulario de contacto<\/a><\/strong>.<\/span><\/p>\n[\/vc_column_text][\/vc_column][\/vc_row]\n<\/div>","protected":false},"excerpt":{"rendered":"<p>[mk_page_section bg_image=\u00bbhttps:\/\/logreco-lawconsulting.swiss\/wp-content\/uploads\/2016\/07\/avocat-recours-administratifs-suisse.jpg\u00bb bg_position=\u00bbcenter top\u00bb bg_repeat=\u00bbno-repeat\u00bb bg_stretch=\u00bbtrue\u00bb min_height=\u00bb600&#8243; full_width=\u00bbtrue\u00bb js_vertical_centered=\u00bbtrue\u00bb padding_top=\u00bb0&#8243; padding_bottom=\u00bb0&#8243; top_shape_color=\u00bb#ffffff\u00bb bottom_shape_color=\u00bb#ffffff\u00bb sidebar=\u00bbsidebar-1&#8243;][vc_column][\/vc_column][\/mk_page_section][vc_row][vc_column css=\u00bb.vc_custom_1470607541858{margin-top: 5% !important;margin-bottom: 5% !important;padding-right: 5% !important;padding-left: 5% !important;}\u00bb][mk_fancy_title strip_tags=\u00bbtrue\u00bb tag_name=\u00bbh1&#8243; color=\u00bb#157ca5&#8243; size=\u00bb50&#8243; font_family=\u00bbnone\u00bb align=\u00bbcenter\u00bb]Honorarios[\/mk_fancy_title][vc_column_text css=\u00bb.vc_custom_1570723339355{margin-bottom: 0px !important;}\u00bb] Los honorarios del gabinete son variables y se facturan por hora salvo acuerdo en contrario. Los costos y honorarios para la solicitud de [&hellip;]<\/p>\n","protected":false},"author":1,"featured_media":0,"parent":0,"menu_order":0,"comment_status":"closed","ping_status":"closed","template":"","meta":{"footnotes":""},"class_list":["post-290","page","type-page","status-publish","hentry"],"yoast_head":"<!-- This site is optimized with the Yoast SEO plugin v26.1.1 - https:\/\/yoast.com\/wordpress\/plugins\/seo\/ -->\n<title>Lo Greco Law Consulting | Reputado Consultor jur\u00eddico en Ginebra<\/title>\n<meta name=\"description\" content=\"Lo Greco Law Consulting, abogado establecido en Ginebra, reputado por su especializaci\u00f3n y dominio del derecho de la propiedad intelectual\" \/>\n<meta name=\"robots\" content=\"index, follow, max-snippet:-1, max-image-preview:large, max-video-preview:-1\" \/>\n<link rel=\"canonical\" href=\"https:\/\/logreco-lawconsulting.swiss\/es\/reputado-consultor-juridico-ginebra\/\" \/>\n<meta property=\"og:locale\" content=\"es_ES\" \/>\n<meta property=\"og:type\" content=\"article\" \/>\n<meta property=\"og:title\" content=\"Lo Greco Law Consulting | Reputado Consultor jur\u00eddico en Ginebra\" \/>\n<meta property=\"og:description\" content=\"Lo Greco Law Consulting, abogado establecido en Ginebra, reputado por su especializaci\u00f3n y dominio del derecho de la propiedad intelectual\" \/>\n<meta property=\"og:url\" content=\"https:\/\/logreco-lawconsulting.swiss\/es\/reputado-consultor-juridico-ginebra\/\" \/>\n<meta property=\"og:site_name\" content=\"Lo Greco Law Consulting\" \/>\n<meta property=\"article:modified_time\" content=\"2019-10-10T16:00:50+00:00\" \/>\n<meta name=\"twitter:card\" content=\"summary_large_image\" \/>\n<meta name=\"twitter:label1\" content=\"Tiempo de lectura\" \/>\n\t<meta name=\"twitter:data1\" content=\"1 minuto\" \/>\n<script type=\"application\/ld+json\" class=\"yoast-schema-graph\">{\"@context\":\"https:\/\/schema.org\",\"@graph\":[{\"@type\":\"WebPage\",\"@id\":\"https:\/\/logreco-lawconsulting.swiss\/es\/reputado-consultor-juridico-ginebra\/\",\"url\":\"https:\/\/logreco-lawconsulting.swiss\/es\/reputado-consultor-juridico-ginebra\/\",\"name\":\"Lo Greco Law Consulting | Reputado Consultor jur\u00eddico en Ginebra\",\"isPartOf\":{\"@id\":\"https:\/\/logreco-lawconsulting.swiss\/es\/#website\"},\"datePublished\":\"2016-07-07T16:16:01+00:00\",\"dateModified\":\"2019-10-10T16:00:50+00:00\",\"description\":\"Lo Greco Law Consulting, abogado establecido en Ginebra, reputado por su especializaci\u00f3n y dominio del derecho de la propiedad intelectual\",\"breadcrumb\":{\"@id\":\"https:\/\/logreco-lawconsulting.swiss\/es\/reputado-consultor-juridico-ginebra\/#breadcrumb\"},\"inLanguage\":\"es\",\"potentialAction\":[{\"@type\":\"ReadAction\",\"target\":[\"https:\/\/logreco-lawconsulting.swiss\/es\/reputado-consultor-juridico-ginebra\/\"]}]},{\"@type\":\"BreadcrumbList\",\"@id\":\"https:\/\/logreco-lawconsulting.swiss\/es\/reputado-consultor-juridico-ginebra\/#breadcrumb\",\"itemListElement\":[{\"@type\":\"ListItem\",\"position\":1,\"name\":\"Accueil\",\"item\":\"https:\/\/logreco-lawconsulting.swiss\/es\/\"},{\"@type\":\"ListItem\",\"position\":2,\"name\":\"HONORARIOS\"}]},{\"@type\":\"WebSite\",\"@id\":\"https:\/\/logreco-lawconsulting.swiss\/es\/#website\",\"url\":\"https:\/\/logreco-lawconsulting.swiss\/es\/\",\"name\":\"Lo Greco Law Consulting\",\"description\":\"Lo Greco Law Consulting\",\"publisher\":{\"@id\":\"https:\/\/logreco-lawconsulting.swiss\/es\/#organization\"},\"potentialAction\":[{\"@type\":\"SearchAction\",\"target\":{\"@type\":\"EntryPoint\",\"urlTemplate\":\"https:\/\/logreco-lawconsulting.swiss\/es\/?s={search_term_string}\"},\"query-input\":{\"@type\":\"PropertyValueSpecification\",\"valueRequired\":true,\"valueName\":\"search_term_string\"}}],\"inLanguage\":\"es\"},{\"@type\":\"Organization\",\"@id\":\"https:\/\/logreco-lawconsulting.swiss\/es\/#organization\",\"name\":\"Lo Greco Law Consulting\",\"url\":\"https:\/\/logreco-lawconsulting.swiss\/es\/\",\"logo\":{\"@type\":\"ImageObject\",\"inLanguage\":\"es\",\"@id\":\"https:\/\/logreco-lawconsulting.swiss\/es\/#\/schema\/logo\/image\/\",\"url\":\"https:\/\/logreco-lawconsulting.swiss\/wp-content\/uploads\/2021\/11\/logo-lo-greco-consulting.png\",\"contentUrl\":\"https:\/\/logreco-lawconsulting.swiss\/wp-content\/uploads\/2021\/11\/logo-lo-greco-consulting.png\",\"width\":300,\"height\":111,\"caption\":\"Lo Greco Law Consulting\"},\"image\":{\"@id\":\"https:\/\/logreco-lawconsulting.swiss\/es\/#\/schema\/logo\/image\/\"}}]}<\/script>\n<!-- \/ Yoast SEO plugin. -->","yoast_head_json":{"title":"Lo Greco Law Consulting | Reputado Consultor jur\u00eddico en Ginebra","description":"Lo Greco Law Consulting, abogado establecido en Ginebra, reputado por su especializaci\u00f3n y dominio del derecho de la propiedad intelectual","robots":{"index":"index","follow":"follow","max-snippet":"max-snippet:-1","max-image-preview":"max-image-preview:large","max-video-preview":"max-video-preview:-1"},"canonical":"https:\/\/logreco-lawconsulting.swiss\/es\/reputado-consultor-juridico-ginebra\/","og_locale":"es_ES","og_type":"article","og_title":"Lo Greco Law Consulting | Reputado Consultor jur\u00eddico en Ginebra","og_description":"Lo Greco Law Consulting, abogado establecido en Ginebra, reputado por su especializaci\u00f3n y dominio del derecho de la propiedad intelectual","og_url":"https:\/\/logreco-lawconsulting.swiss\/es\/reputado-consultor-juridico-ginebra\/","og_site_name":"Lo Greco Law Consulting","article_modified_time":"2019-10-10T16:00:50+00:00","twitter_card":"summary_large_image","twitter_misc":{"Tiempo de lectura":"1 minuto"},"schema":{"@context":"https:\/\/schema.org","@graph":[{"@type":"WebPage","@id":"https:\/\/logreco-lawconsulting.swiss\/es\/reputado-consultor-juridico-ginebra\/","url":"https:\/\/logreco-lawconsulting.swiss\/es\/reputado-consultor-juridico-ginebra\/","name":"Lo Greco Law Consulting | Reputado Consultor jur\u00eddico en Ginebra","isPartOf":{"@id":"https:\/\/logreco-lawconsulting.swiss\/es\/#website"},"datePublished":"2016-07-07T16:16:01+00:00","dateModified":"2019-10-10T16:00:50+00:00","description":"Lo Greco Law Consulting, abogado establecido en Ginebra, reputado por su especializaci\u00f3n y dominio del derecho de la propiedad intelectual","breadcrumb":{"@id":"https:\/\/logreco-lawconsulting.swiss\/es\/reputado-consultor-juridico-ginebra\/#breadcrumb"},"inLanguage":"es","potentialAction":[{"@type":"ReadAction","target":["https:\/\/logreco-lawconsulting.swiss\/es\/reputado-consultor-juridico-ginebra\/"]}]},{"@type":"BreadcrumbList","@id":"https:\/\/logreco-lawconsulting.swiss\/es\/reputado-consultor-juridico-ginebra\/#breadcrumb","itemListElement":[{"@type":"ListItem","position":1,"name":"Accueil","item":"https:\/\/logreco-lawconsulting.swiss\/es\/"},{"@type":"ListItem","position":2,"name":"HONORARIOS"}]},{"@type":"WebSite","@id":"https:\/\/logreco-lawconsulting.swiss\/es\/#website","url":"https:\/\/logreco-lawconsulting.swiss\/es\/","name":"Lo Greco Law Consulting","description":"Lo Greco Law Consulting","publisher":{"@id":"https:\/\/logreco-lawconsulting.swiss\/es\/#organization"},"potentialAction":[{"@type":"SearchAction","target":{"@type":"EntryPoint","urlTemplate":"https:\/\/logreco-lawconsulting.swiss\/es\/?s={search_term_string}"},"query-input":{"@type":"PropertyValueSpecification","valueRequired":true,"valueName":"search_term_string"}}],"inLanguage":"es"},{"@type":"Organization","@id":"https:\/\/logreco-lawconsulting.swiss\/es\/#organization","name":"Lo Greco Law Consulting","url":"https:\/\/logreco-lawconsulting.swiss\/es\/","logo":{"@type":"ImageObject","inLanguage":"es","@id":"https:\/\/logreco-lawconsulting.swiss\/es\/#\/schema\/logo\/image\/","url":"https:\/\/logreco-lawconsulting.swiss\/wp-content\/uploads\/2021\/11\/logo-lo-greco-consulting.png","contentUrl":"https:\/\/logreco-lawconsulting.swiss\/wp-content\/uploads\/2021\/11\/logo-lo-greco-consulting.png","width":300,"height":111,"caption":"Lo Greco Law Consulting"},"image":{"@id":"https:\/\/logreco-lawconsulting.swiss\/es\/#\/schema\/logo\/image\/"}}]}},"_links":{"self":[{"href":"https:\/\/logreco-lawconsulting.swiss\/es\/wp-json\/wp\/v2\/pages\/290","targetHints":{"allow":["GET"]}}],"collection":[{"href":"https:\/\/logreco-lawconsulting.swiss\/es\/wp-json\/wp\/v2\/pages"}],"about":[{"href":"https:\/\/logreco-lawconsulting.swiss\/es\/wp-json\/wp\/v2\/types\/page"}],"author":[{"embeddable":true,"href":"https:\/\/logreco-lawconsulting.swiss\/es\/wp-json\/wp\/v2\/users\/1"}],"replies":[{"embeddable":true,"href":"https:\/\/logreco-lawconsulting.swiss\/es\/wp-json\/wp\/v2\/comments?post=290"}],"version-history":[{"count":9,"href":"https:\/\/logreco-lawconsulting.swiss\/es\/wp-json\/wp\/v2\/pages\/290\/revisions"}],"predecessor-version":[{"id":674,"href":"https:\/\/logreco-lawconsulting.swiss\/es\/wp-json\/wp\/v2\/pages\/290\/revisions\/674"}],"wp:attachment":[{"href":"https:\/\/logreco-lawconsulting.swiss\/es\/wp-json\/wp\/v2\/media?parent=290"}],"curies":[{"name":"wp","href":"https:\/\/api.w.org\/{rel}","templated":true}]}}